{"id":3416,"date":"2025-09-05T17:06:55","date_gmt":"2025-09-05T17:06:55","guid":{"rendered":"https:\/\/aselcom.cl\/web\/?page_id=3416"},"modified":"2026-04-24T17:36:58","modified_gmt":"2026-04-24T17:36:58","slug":"contacto-aselcom","status":"publish","type":"page","link":"https:\/\/aselcom.cl\/web\/contacto-aselcom\/","title":{"rendered":"Contacto aselcom"},"content":{"rendered":"\t\t<div data-elementor-type=\"wp-page\" data-elementor-id=\"3416\" class=\"elementor elementor-3416\" data-elementor-post-type=\"page\">\n\t\t\t\t<div class=\"elementor-element elementor-element-de658ea e-flex e-con-boxed e-con e-parent\" data-id=\"de658ea\" data-element_type=\"container\" data-settings=\"{&quot;background_background&quot;:&quot;classic&quot;}\">\n\t\t\t\t\t<div class=\"e-con-inner\">\n\t\t<div class=\"elementor-element elementor-element-14174bc e-con-full e-flex e-con e-child\" data-id=\"14174bc\" data-element_type=\"container\">\n\t\t\t\t<div class=\"elementor-element elementor-element-6b2cbe6 elementor-widget__width-initial elementor-widget elementor-widget-heading\" data-id=\"6b2cbe6\" data-element_type=\"widget\" data-widget_type=\"heading.default\">\n\t\t\t\t\t<h1 class=\"elementor-heading-title elementor-size-default\">Contacto<\/h1>\t\t\t\t<\/div>\n\t\t\t\t<\/div>\n\t\t\t\t\t<\/div>\n\t\t\t\t<\/div>\n\t\t<div class=\"elementor-element elementor-element-3a502c3 e-con-full e-flex e-con e-parent\" data-id=\"3a502c3\" data-element_type=\"container\">\n\t\t<div class=\"elementor-element elementor-element-0abe6ff e-con-full e-flex e-con e-child\" data-id=\"0abe6ff\" data-element_type=\"container\">\n\t\t\t\t<div class=\"elementor-element elementor-element-e6d8102 elementor-widget elementor-widget-google_maps\" data-id=\"e6d8102\" data-element_type=\"widget\" data-widget_type=\"google_maps.default\">\n\t\t\t\t\t\t\t<div class=\"elementor-custom-embed\">\n\t\t\t<iframe loading=\"lazy\"\n\t\t\t\t\tsrc=\"https:\/\/maps.google.com\/maps?q=Los%20Jazmines%20881%2C%20%20%C3%91u%C3%B1oa%2C%20Santiago&#038;t=m&#038;z=16&#038;output=embed&#038;iwloc=near\"\n\t\t\t\t\ttitle=\"Los Jazmines 881,  \u00d1u\u00f1oa, Santiago\"\n\t\t\t\t\taria-label=\"Los Jazmines 881,  \u00d1u\u00f1oa, Santiago\"\n\t\t\t><\/iframe>\n\t\t<\/div>\n\t\t\t\t\t\t<\/div>\n\t\t\t\t<\/div>\n\t\t\t\t<\/div>\n\t\t<div class=\"elementor-element elementor-element-d9a8a37 e-flex e-con-boxed e-con e-parent\" data-id=\"d9a8a37\" data-element_type=\"container\" data-settings=\"{&quot;background_background&quot;:&quot;classic&quot;}\">\n\t\t\t\t\t<div class=\"e-con-inner\">\n\t\t<div class=\"elementor-element elementor-element-e43be95 e-con-full e-flex e-con e-child\" data-id=\"e43be95\" data-element_type=\"container\">\n\t\t\t\t<div class=\"elementor-element elementor-element-c88926d elementor-widget-divider--view-line_text elementor-widget-divider--element-align-right elementor-widget elementor-widget-divider\" data-id=\"c88926d\" data-element_type=\"widget\" data-widget_type=\"divider.default\">\n\t\t\t\t\t\t\t<div class=\"elementor-divider\">\n\t\t\t<span class=\"elementor-divider-separator\">\n\t\t\t\t\t\t\t<span class=\"elementor-divider__text elementor-divider__element\">\n\t\t\t\tCONTACTOS\t\t\t\t<\/span>\n\t\t\t\t\t\t<\/span>\n\t\t<\/div>\n\t\t\t\t\t\t<\/div>\n\t\t\t\t<div class=\"elementor-element elementor-element-ac0f5c5 elementor-widget elementor-widget-text-editor\" data-id=\"ac0f5c5\" data-element_type=\"widget\" data-widget_type=\"text-editor.default\">\n\t\t\t\t\t\t\t\t\t<p>Completa el formulario o utiliza nuestros canales de contacto, y uno de nuestros especialistas se comunicar\u00e1 contigo a la brevedad.<\/p>\t\t\t\t\t\t\t\t<\/div>\n\t\t\t\t<div class=\"elementor-element elementor-element-608dc93 elementor-widget elementor-widget-spacer\" data-id=\"608dc93\" data-element_type=\"widget\" data-widget_type=\"spacer.default\">\n\t\t\t\t\t\t\t<div class=\"elementor-spacer\">\n\t\t\t<div class=\"elementor-spacer-inner\"><\/div>\n\t\t<\/div>\n\t\t\t\t\t\t<\/div>\n\t\t\t\t<div class=\"elementor-element elementor-element-50057db elementor-widget elementor-widget-image\" data-id=\"50057db\" data-element_type=\"widget\" data-widget_type=\"image.default\">\n\t\t\t\t\t\t\t\t\t\t\t\t\t\t\t<img decoding=\"async\" width=\"1\" height=\"1\" src=\"https:\/\/aselcom.cl\/web\/wp-content\/uploads\/2026\/04\/FOTO-001.jpg\" class=\"attachment-large size-large wp-image-4811\" alt=\"\" \/>\t\t\t\t\t\t\t\t\t\t\t\t\t\t\t<\/div>\n\t\t\t\t<div class=\"elementor-element elementor-element-8b4460c elementor-position-left elementor-view-default elementor-mobile-position-top elementor-widget elementor-widget-icon-box\" data-id=\"8b4460c\" data-element_type=\"widget\" data-widget_type=\"icon-box.default\">\n\t\t\t\t\t\t\t<div class=\"elementor-icon-box-wrapper\">\n\n\t\t\t\t\t\t<div class=\"elementor-icon-box-icon\">\n\t\t\t\t<span  class=\"elementor-icon\">\n\t\t\t\t<i aria-hidden=\"true\" class=\"icon icon-map-marker1\"><\/i>\t\t\t\t<\/span>\n\t\t\t<\/div>\n\t\t\t\n\t\t\t\t\t\t<div class=\"elementor-icon-box-content\">\n\n\t\t\t\t\t\t\t\t\t<h4 class=\"elementor-icon-box-title\">\n\t\t\t\t\t\t<span  >\n\t\t\t\t\t\t\tOficina Central\t\t\t\t\t\t<\/span>\n\t\t\t\t\t<\/h4>\n\t\t\t\t\n\t\t\t\t\t\t\t\t\t<p class=\"elementor-icon-box-description\">\n\t\t\t\t\t\tLos Jazmines 881,  \u00d1u\u00f1oa, Santiago\t\t\t\t\t<\/p>\n\t\t\t\t\n\t\t\t<\/div>\n\t\t\t\n\t\t<\/div>\n\t\t\t\t\t\t<\/div>\n\t\t\t\t<div class=\"elementor-element elementor-element-82fb78c elementor-position-left elementor-view-default elementor-mobile-position-top elementor-widget elementor-widget-icon-box\" data-id=\"82fb78c\" data-element_type=\"widget\" data-widget_type=\"icon-box.default\">\n\t\t\t\t\t\t\t<div class=\"elementor-icon-box-wrapper\">\n\n\t\t\t\t\t\t<div class=\"elementor-icon-box-icon\">\n\t\t\t\t<span  class=\"elementor-icon\">\n\t\t\t\t<i aria-hidden=\"true\" class=\"icon icon-phone-call2\"><\/i>\t\t\t\t<\/span>\n\t\t\t<\/div>\n\t\t\t\n\t\t\t\t\t\t<div class=\"elementor-icon-box-content\">\n\n\t\t\t\t\t\t\t\t\t<h4 class=\"elementor-icon-box-title\">\n\t\t\t\t\t\t<span  >\n\t\t\t\t\t\t\tLlamanos\t\t\t\t\t\t<\/span>\n\t\t\t\t\t<\/h4>\n\t\t\t\t\n\t\t\t\t\t\t\t\t\t<p class=\"elementor-icon-box-description\">\n\t\t\t\t\t\t+56 2 26515800 \/ +56 9 6407 2861\t\t\t\t\t<\/p>\n\t\t\t\t\n\t\t\t<\/div>\n\t\t\t\n\t\t<\/div>\n\t\t\t\t\t\t<\/div>\n\t\t\t\t<div class=\"elementor-element elementor-element-9a2e80e elementor-position-left elementor-view-default elementor-mobile-position-top elementor-widget elementor-widget-icon-box\" data-id=\"9a2e80e\" data-element_type=\"widget\" data-widget_type=\"icon-box.default\">\n\t\t\t\t\t\t\t<div class=\"elementor-icon-box-wrapper\">\n\n\t\t\t\t\t\t<div class=\"elementor-icon-box-icon\">\n\t\t\t\t<span  class=\"elementor-icon\">\n\t\t\t\t<i aria-hidden=\"true\" class=\"icon icon-envelope3\"><\/i>\t\t\t\t<\/span>\n\t\t\t<\/div>\n\t\t\t\n\t\t\t\t\t\t<div class=\"elementor-icon-box-content\">\n\n\t\t\t\t\t\t\t\t\t<h4 class=\"elementor-icon-box-title\">\n\t\t\t\t\t\t<span  >\n\t\t\t\t\t\t\tCorreo El\u00e9ctronico\t\t\t\t\t\t<\/span>\n\t\t\t\t\t<\/h4>\n\t\t\t\t\n\t\t\t\t\t\t\t\t\t<p class=\"elementor-icon-box-description\">\n\t\t\t\t\t\tcontacto@aselcom.cl\t\t\t\t\t<\/p>\n\t\t\t\t\n\t\t\t<\/div>\n\t\t\t\n\t\t<\/div>\n\t\t\t\t\t\t<\/div>\n\t\t\t\t<div class=\"elementor-element elementor-element-751bc5e elementor-widget elementor-widget-spacer\" data-id=\"751bc5e\" data-element_type=\"widget\" data-widget_type=\"spacer.default\">\n\t\t\t\t\t\t\t<div class=\"elementor-spacer\">\n\t\t\t<div class=\"elementor-spacer-inner\"><\/div>\n\t\t<\/div>\n\t\t\t\t\t\t<\/div>\n\t\t\t\t<\/div>\n\t\t<div class=\"elementor-element elementor-element-709fff4 e-con-full e-flex e-con e-child\" data-id=\"709fff4\" data-element_type=\"container\">\n\t\t\t\t<div class=\"elementor-element elementor-element-3df5309 elementor-widget elementor-widget-spacer\" data-id=\"3df5309\" data-element_type=\"widget\" data-widget_type=\"spacer.default\">\n\t\t\t\t\t\t\t<div class=\"elementor-spacer\">\n\t\t\t<div class=\"elementor-spacer-inner\"><\/div>\n\t\t<\/div>\n\t\t\t\t\t\t<\/div>\n\t\t\t\t<div class=\"elementor-element elementor-element-cf72082 elementor-button-align-stretch elementor-widget elementor-widget-form\" data-id=\"cf72082\" data-element_type=\"widget\" data-settings=\"{&quot;step_next_label&quot;:&quot;Next&quot;,&quot;step_previous_label&quot;:&quot;Previous&quot;,&quot;step_icon_shape&quot;:&quot;rounded&quot;,&quot;button_width&quot;:&quot;100&quot;,&quot;step_type&quot;:&quot;number_text&quot;}\" data-widget_type=\"form.default\">\n\t\t\t\t\t\t\t<form class=\"elementor-form\" method=\"post\" name=\"New Form\" aria-label=\"New Form\">\n\t\t\t<input type=\"hidden\" name=\"post_id\" value=\"3416\"\/>\n\t\t\t<input type=\"hidden\" name=\"form_id\" value=\"cf72082\"\/>\n\t\t\t<input type=\"hidden\" name=\"referer_title\" value=\"Aselcom\" \/>\n\n\t\t\t\n\t\t\t<div class=\"elementor-form-fields-wrapper elementor-labels-above\">\n\t\t\t\t\t\t\t\t<div class=\"elementor-field-type-text elementor-field-group elementor-column elementor-field-group-name elementor-col-50\">\n\t\t\t\t\t\t\t\t\t\t\t\t\t<input size=\"1\" type=\"text\" name=\"form_fields[name]\" id=\"form-field-name\" class=\"elementor-field elementor-size-md  elementor-field-textual\" placeholder=\"Nombre\">\n\t\t\t\t\t\t\t\t\t\t\t<\/div>\n\t\t\t\t\t\t\t\t<div class=\"elementor-field-type-email elementor-field-group elementor-column elementor-field-group-email elementor-col-50 elementor-field-required\">\n\t\t\t\t\t\t\t\t\t\t\t\t\t<input size=\"1\" type=\"email\" name=\"form_fields[email]\" id=\"form-field-email\" class=\"elementor-field elementor-size-md  elementor-field-textual\" placeholder=\"Correo Electr\u00f3nico\" required=\"required\">\n\t\t\t\t\t\t\t\t\t\t\t<\/div>\n\t\t\t\t\t\t\t\t<div class=\"elementor-field-type-text elementor-field-group elementor-column elementor-field-group-field_46aabde elementor-col-50 elementor-field-required\">\n\t\t\t\t\t\t\t\t\t\t\t\t\t<input size=\"1\" type=\"text\" name=\"form_fields[field_46aabde]\" id=\"form-field-field_46aabde\" class=\"elementor-field elementor-size-md  elementor-field-textual\" placeholder=\"Empresa\" required=\"required\">\n\t\t\t\t\t\t\t\t\t\t\t<\/div>\n\t\t\t\t\t\t\t\t<div class=\"elementor-field-type-tel elementor-field-group elementor-column elementor-field-group-field_273cfa1 elementor-col-50 elementor-field-required\">\n\t\t\t\t\t\t\t<input size=\"1\" type=\"tel\" name=\"form_fields[field_273cfa1]\" id=\"form-field-field_273cfa1\" class=\"elementor-field elementor-size-md  elementor-field-textual\" placeholder=\"Tel\u00e9fono\" required=\"required\" pattern=\"[0-9()#&amp;+*-=.]+\" title=\"Only numbers and phone characters (#, -, *, etc) are accepted.\">\n\n\t\t\t\t\t\t<\/div>\n\t\t\t\t\t\t\t\t<div class=\"elementor-field-type-textarea elementor-field-group elementor-column elementor-field-group-message elementor-col-100\">\n\t\t\t\t\t<textarea class=\"elementor-field-textual elementor-field  elementor-size-md\" name=\"form_fields[message]\" id=\"form-field-message\" rows=\"4\" placeholder=\"Asunto\"><\/textarea>\t\t\t\t<\/div>\n\t\t\t\t\t\t\t\t<div class=\"elementor-field-type-recaptcha_v3 elementor-field-group elementor-column elementor-field-group-field_36a37e5 elementor-col-100 recaptcha_v3-bottomleft\">\n\t\t\t\t\t<div class=\"elementor-field\" id=\"form-field-field_36a37e5\"><div class=\"elementor-g-recaptcha\" data-sitekey=\"6Lesp54sAAAAANfOqMz4Swfno0pLNBSzid6f8QHw\" data-type=\"v3\" data-action=\"Form\" data-badge=\"bottomleft\" data-size=\"invisible\"><\/div><\/div>\t\t\t\t<\/div>\n\t\t\t\t\t\t\t\t<div class=\"elementor-field-group elementor-column elementor-field-type-submit elementor-col-100 e-form__buttons\">\n\t\t\t\t\t<button class=\"elementor-button elementor-size-sm\" type=\"submit\">\n\t\t\t\t\t\t<span class=\"elementor-button-content-wrapper\">\n\t\t\t\t\t\t\t\t\t\t\t\t\t\t\t\t\t\t\t\t\t\t<span class=\"elementor-button-text\">ENVIAR<\/span>\n\t\t\t\t\t\t\t\t\t\t\t\t\t<\/span>\n\t\t\t\t\t<\/button>\n\t\t\t\t<\/div>\n\t\t\t<\/div>\n\t\t<\/form>\n\t\t\t\t\t\t<\/div>\n\t\t\t\t<\/div>\n\t\t\t\t\t<\/div>\n\t\t\t\t<\/div>\n\t\t\t\t<\/div>\n\t\t","protected":false},"excerpt":{"rendered":"<p>Contacto CONTACTOS Completa el formulario o utiliza nuestros canales de contacto, y uno de nuestros especialistas se comunicar\u00e1 contigo a [&hellip;]<\/p>\n","protected":false},"author":3,"featured_media":0,"parent":0,"menu_order":0,"comment_status":"closed","ping_status":"closed","template":"","meta":{"site-sidebar-layout":"no-sidebar","site-content-layout":"","ast-site-content-layout":"full-width-container","site-content-style":"default","site-sidebar-style":"default","ast-global-header-display":"","ast-banner-title-visibility":"","ast-main-header-display":"","ast-hfb-above-header-display":"","ast-hfb-below-header-display":"","ast-hfb-mobile-header-display":"","site-post-title":"disabled","ast-breadcrumbs-content":"","ast-featured-img":"disabled","footer-sml-layout":"","theme-transparent-header-meta":"default","adv-header-id-meta":"","stick-header-meta":"","header-above-stick-meta":"","header-main-stick-meta":"","header-below-stick-meta":"","astra-migrate-meta-layouts":"default","ast-page-background-enabled":"default","ast-page-background-meta":{"desktop":{"background-color":"var(--ast-global-color-4)","background-image":"","background-repeat":"repeat","background-position":"center center","background-size":"auto","background-attachment":"scroll","background-type":"","background-media":"","overlay-type":"","overlay-color":"","overlay-opacity":"","overlay-gradient":""},"tablet":{"background-color":"","background-image":"","background-repeat":"repeat","background-position":"center center","background-size":"auto","background-attachment":"scroll","background-type":"","background-media":"","overlay-type":"","overlay-color":"","overlay-opacity":"","overlay-gradient":""},"mobile":{"background-color":"","background-image":"","background-repeat":"repeat","background-position":"center center","background-size":"auto","background-attachment":"scroll","background-type":"","background-media":"","overlay-type":"","overlay-color":"","overlay-opacity":"","overlay-gradient":""}},"ast-content-background-meta":{"desktop":{"background-color":"var(--ast-global-color-5)","background-image":"","background-repeat":"repeat","background-position":"center center","background-size":"auto","background-attachment":"scroll","background-type":"","background-media":"","overlay-type":"","overlay-color":"","overlay-opacity":"","overlay-gradient":""},"tablet":{"background-color":"var(--ast-global-color-5)","background-image":"","background-repeat":"repeat","background-position":"center center","background-size":"auto","background-attachment":"scroll","background-type":"","background-media":"","overlay-type":"","overlay-color":"","overlay-opacity":"","overlay-gradient":""},"mobile":{"background-color":"var(--ast-global-color-5)","background-image":"","background-repeat":"repeat","background-position":"center center","background-size":"auto","background-attachment":"scroll","background-type":"","background-media":"","overlay-type":"","overlay-color":"","overlay-opacity":"","overlay-gradient":""}},"footnotes":""},"class_list":["post-3416","page","type-page","status-publish","hentry"],"yoast_head":"<!-- This site is optimized with the Yoast SEO plugin v27.3 - https:\/\/yoast.com\/product\/yoast-seo-wordpress\/ -->\n<title>Contacto aselcom - Aselcom<\/title>\n<meta name=\"robots\" content=\"index, follow, max-snippet:-1, max-image-preview:large, max-video-preview:-1\" \/>\n<link rel=\"canonical\" href=\"https:\/\/aselcom.cl\/web\/contacto-aselcom\/\" \/>\n<meta property=\"og:locale\" content=\"es_ES\" \/>\n<meta property=\"og:type\" content=\"article\" \/>\n<meta property=\"og:title\" content=\"Contacto aselcom - Aselcom\" \/>\n<meta property=\"og:description\" content=\"Contacto CONTACTOS Completa el formulario o utiliza nuestros canales de contacto, y uno de nuestros especialistas se comunicar\u00e1 contigo a [&hellip;]\" \/>\n<meta property=\"og:url\" content=\"https:\/\/aselcom.cl\/web\/contacto-aselcom\/\" \/>\n<meta property=\"og:site_name\" content=\"Aselcom\" \/>\n<meta property=\"article:modified_time\" content=\"2026-04-24T17:36:58+00:00\" \/>\n<meta property=\"og:image\" content=\"https:\/\/aselcom.cl\/web\/wp-content\/uploads\/2026\/04\/FOTO-001.jpg\" \/>\n<meta name=\"twitter:card\" content=\"summary_large_image\" \/>\n<meta name=\"twitter:label1\" content=\"Tiempo de lectura\" \/>\n\t<meta name=\"twitter:data1\" content=\"1 minuto\" \/>\n<script type=\"application\/ld+json\" class=\"yoast-schema-graph\">{\"@context\":\"https:\\\/\\\/schema.org\",\"@graph\":[{\"@type\":\"WebPage\",\"@id\":\"https:\\\/\\\/aselcom.cl\\\/web\\\/contacto-aselcom\\\/\",\"url\":\"https:\\\/\\\/aselcom.cl\\\/web\\\/contacto-aselcom\\\/\",\"name\":\"Contacto aselcom - Aselcom\",\"isPartOf\":{\"@id\":\"https:\\\/\\\/aselcom.cl\\\/web\\\/#website\"},\"primaryImageOfPage\":{\"@id\":\"https:\\\/\\\/aselcom.cl\\\/web\\\/contacto-aselcom\\\/#primaryimage\"},\"image\":{\"@id\":\"https:\\\/\\\/aselcom.cl\\\/web\\\/contacto-aselcom\\\/#primaryimage\"},\"thumbnailUrl\":\"https:\\\/\\\/aselcom.cl\\\/web\\\/wp-content\\\/uploads\\\/2026\\\/04\\\/FOTO-001.jpg\",\"datePublished\":\"2025-09-05T17:06:55+00:00\",\"dateModified\":\"2026-04-24T17:36:58+00:00\",\"breadcrumb\":{\"@id\":\"https:\\\/\\\/aselcom.cl\\\/web\\\/contacto-aselcom\\\/#breadcrumb\"},\"inLanguage\":\"es\",\"potentialAction\":[{\"@type\":\"ReadAction\",\"target\":[\"https:\\\/\\\/aselcom.cl\\\/web\\\/contacto-aselcom\\\/\"]}]},{\"@type\":\"ImageObject\",\"inLanguage\":\"es\",\"@id\":\"https:\\\/\\\/aselcom.cl\\\/web\\\/contacto-aselcom\\\/#primaryimage\",\"url\":\"https:\\\/\\\/aselcom.cl\\\/web\\\/wp-content\\\/uploads\\\/2026\\\/04\\\/FOTO-001.jpg\",\"contentUrl\":\"https:\\\/\\\/aselcom.cl\\\/web\\\/wp-content\\\/uploads\\\/2026\\\/04\\\/FOTO-001.jpg\"},{\"@type\":\"BreadcrumbList\",\"@id\":\"https:\\\/\\\/aselcom.cl\\\/web\\\/contacto-aselcom\\\/#breadcrumb\",\"itemListElement\":[{\"@type\":\"ListItem\",\"position\":1,\"name\":\"Portada\",\"item\":\"https:\\\/\\\/aselcom.cl\\\/web\\\/\"},{\"@type\":\"ListItem\",\"position\":2,\"name\":\"Contacto aselcom\"}]},{\"@type\":\"WebSite\",\"@id\":\"https:\\\/\\\/aselcom.cl\\\/web\\\/#website\",\"url\":\"https:\\\/\\\/aselcom.cl\\\/web\\\/\",\"name\":\"https:\\\/\\\/aselcom.cl\\\/web\",\"description\":\"En ASELCOM ofrecemos servicios de Ingenier\u00eda,  eficiencia energ\u00e9tica,  Infraestructura Ti y Data Centers que garantizan eficiencia y continuidad operacional. Descubre c\u00f3mo nuestras innovadoras tecnolog\u00edas pueden transformar tu empresa.\",\"publisher\":{\"@id\":\"https:\\\/\\\/aselcom.cl\\\/web\\\/#organization\"},\"potentialAction\":[{\"@type\":\"SearchAction\",\"target\":{\"@type\":\"EntryPoint\",\"urlTemplate\":\"https:\\\/\\\/aselcom.cl\\\/web\\\/?s={search_term_string}\"},\"query-input\":{\"@type\":\"PropertyValueSpecification\",\"valueRequired\":true,\"valueName\":\"search_term_string\"}}],\"inLanguage\":\"es\"},{\"@type\":\"Organization\",\"@id\":\"https:\\\/\\\/aselcom.cl\\\/web\\\/#organization\",\"name\":\"Aselcom\",\"url\":\"https:\\\/\\\/aselcom.cl\\\/web\\\/\",\"logo\":{\"@type\":\"ImageObject\",\"inLanguage\":\"es\",\"@id\":\"https:\\\/\\\/aselcom.cl\\\/web\\\/#\\\/schema\\\/logo\\\/image\\\/\",\"url\":\"https:\\\/\\\/aselcom.cl\\\/web\\\/wp-content\\\/uploads\\\/2026\\\/04\\\/Logo-vertical-RGB-scaled.jpg\",\"contentUrl\":\"https:\\\/\\\/aselcom.cl\\\/web\\\/wp-content\\\/uploads\\\/2026\\\/04\\\/Logo-vertical-RGB-scaled.jpg\",\"width\":2560,\"height\":1182,\"caption\":\"Aselcom\"},\"image\":{\"@id\":\"https:\\\/\\\/aselcom.cl\\\/web\\\/#\\\/schema\\\/logo\\\/image\\\/\"}}]}<\/script>\n<!-- \/ Yoast SEO plugin. -->","yoast_head_json":{"title":"Contacto aselcom - Aselcom","robots":{"index":"index","follow":"follow","max-snippet":"max-snippet:-1","max-image-preview":"max-image-preview:large","max-video-preview":"max-video-preview:-1"},"canonical":"https:\/\/aselcom.cl\/web\/contacto-aselcom\/","og_locale":"es_ES","og_type":"article","og_title":"Contacto aselcom - Aselcom","og_description":"Contacto CONTACTOS Completa el formulario o utiliza nuestros canales de contacto, y uno de nuestros especialistas se comunicar\u00e1 contigo a [&hellip;]","og_url":"https:\/\/aselcom.cl\/web\/contacto-aselcom\/","og_site_name":"Aselcom","article_modified_time":"2026-04-24T17:36:58+00:00","og_image":[{"url":"https:\/\/aselcom.cl\/web\/wp-content\/uploads\/2026\/04\/FOTO-001.jpg","type":"","width":"","height":""}],"twitter_card":"summary_large_image","twitter_misc":{"Tiempo de lectura":"1 minuto"},"schema":{"@context":"https:\/\/schema.org","@graph":[{"@type":"WebPage","@id":"https:\/\/aselcom.cl\/web\/contacto-aselcom\/","url":"https:\/\/aselcom.cl\/web\/contacto-aselcom\/","name":"Contacto aselcom - Aselcom","isPartOf":{"@id":"https:\/\/aselcom.cl\/web\/#website"},"primaryImageOfPage":{"@id":"https:\/\/aselcom.cl\/web\/contacto-aselcom\/#primaryimage"},"image":{"@id":"https:\/\/aselcom.cl\/web\/contacto-aselcom\/#primaryimage"},"thumbnailUrl":"https:\/\/aselcom.cl\/web\/wp-content\/uploads\/2026\/04\/FOTO-001.jpg","datePublished":"2025-09-05T17:06:55+00:00","dateModified":"2026-04-24T17:36:58+00:00","breadcrumb":{"@id":"https:\/\/aselcom.cl\/web\/contacto-aselcom\/#breadcrumb"},"inLanguage":"es","potentialAction":[{"@type":"ReadAction","target":["https:\/\/aselcom.cl\/web\/contacto-aselcom\/"]}]},{"@type":"ImageObject","inLanguage":"es","@id":"https:\/\/aselcom.cl\/web\/contacto-aselcom\/#primaryimage","url":"https:\/\/aselcom.cl\/web\/wp-content\/uploads\/2026\/04\/FOTO-001.jpg","contentUrl":"https:\/\/aselcom.cl\/web\/wp-content\/uploads\/2026\/04\/FOTO-001.jpg"},{"@type":"BreadcrumbList","@id":"https:\/\/aselcom.cl\/web\/contacto-aselcom\/#breadcrumb","itemListElement":[{"@type":"ListItem","position":1,"name":"Portada","item":"https:\/\/aselcom.cl\/web\/"},{"@type":"ListItem","position":2,"name":"Contacto aselcom"}]},{"@type":"WebSite","@id":"https:\/\/aselcom.cl\/web\/#website","url":"https:\/\/aselcom.cl\/web\/","name":"https:\/\/aselcom.cl\/web","description":"En ASELCOM ofrecemos servicios de Ingenier\u00eda,  eficiencia energ\u00e9tica,  Infraestructura Ti y Data Centers que garantizan eficiencia y continuidad operacional. Descubre c\u00f3mo nuestras innovadoras tecnolog\u00edas pueden transformar tu empresa.","publisher":{"@id":"https:\/\/aselcom.cl\/web\/#organization"},"potentialAction":[{"@type":"SearchAction","target":{"@type":"EntryPoint","urlTemplate":"https:\/\/aselcom.cl\/web\/?s={search_term_string}"},"query-input":{"@type":"PropertyValueSpecification","valueRequired":true,"valueName":"search_term_string"}}],"inLanguage":"es"},{"@type":"Organization","@id":"https:\/\/aselcom.cl\/web\/#organization","name":"Aselcom","url":"https:\/\/aselcom.cl\/web\/","logo":{"@type":"ImageObject","inLanguage":"es","@id":"https:\/\/aselcom.cl\/web\/#\/schema\/logo\/image\/","url":"https:\/\/aselcom.cl\/web\/wp-content\/uploads\/2026\/04\/Logo-vertical-RGB-scaled.jpg","contentUrl":"https:\/\/aselcom.cl\/web\/wp-content\/uploads\/2026\/04\/Logo-vertical-RGB-scaled.jpg","width":2560,"height":1182,"caption":"Aselcom"},"image":{"@id":"https:\/\/aselcom.cl\/web\/#\/schema\/logo\/image\/"}}]}},"lang":"es","translations":{"es":3416,"en":4282},"pll_sync_post":[],"_links":{"self":[{"href":"https:\/\/aselcom.cl\/web\/wp-json\/wp\/v2\/pages\/3416","targetHints":{"allow":["GET"]}}],"collection":[{"href":"https:\/\/aselcom.cl\/web\/wp-json\/wp\/v2\/pages"}],"about":[{"href":"https:\/\/aselcom.cl\/web\/wp-json\/wp\/v2\/types\/page"}],"author":[{"embeddable":true,"href":"https:\/\/aselcom.cl\/web\/wp-json\/wp\/v2\/users\/3"}],"replies":[{"embeddable":true,"href":"https:\/\/aselcom.cl\/web\/wp-json\/wp\/v2\/comments?post=3416"}],"version-history":[{"count":64,"href":"https:\/\/aselcom.cl\/web\/wp-json\/wp\/v2\/pages\/3416\/revisions"}],"predecessor-version":[{"id":4906,"href":"https:\/\/aselcom.cl\/web\/wp-json\/wp\/v2\/pages\/3416\/revisions\/4906"}],"wp:attachment":[{"href":"https:\/\/aselcom.cl\/web\/wp-json\/wp\/v2\/media?parent=3416"}],"curies":[{"name":"wp","href":"https:\/\/api.w.org\/{rel}","templated":true}]}}